{"id":7942,"date":"2024-01-24T10:26:09","date_gmt":"2024-01-24T13:26:09","guid":{"rendered":"https:\/\/www.bibliotecadigital.unicamp.br\/bd\/?page_id=7942"},"modified":"2026-03-20T14:50:24","modified_gmt":"2026-03-20T17:50:24","slug":"detalhes-teste","status":"publish","type":"page","link":"https:\/\/www.bibliotecadigital.unicamp.br\/bd\/index.php\/detalhes-teste\/","title":{"rendered":"Detalhes-Teste"},"content":{"rendered":"\t\t<div data-elementor-type=\"wp-page\" data-elementor-id=\"7942\" class=\"elementor elementor-7942\">\n\t\t\t\t\t\t<section class=\"elementor-section elementor-top-section elementor-element elementor-element-7317645 elementor-section-boxed elementor-section-height-default elementor-section-height-default\" data-id=\"7317645\" data-element_type=\"section\" data-e-type=\"section\">\n\t\t\t\t\t\t<div class=\"elementor-container elementor-column-gap-default\">\n\t\t\t\t\t<div class=\"elementor-column elementor-col-100 elementor-top-column elementor-element elementor-element-33b0417\" data-id=\"33b0417\" data-element_type=\"column\" data-e-type=\"column\">\n\t\t\t<div class=\"elementor-widget-wrap elementor-element-populated\">\n\t\t\t\t\t\t<div class=\"elementor-element elementor-element-2a59892 elementor-widget elementor-widget-shortcode\" data-id=\"2a59892\" data-element_type=\"widget\" data-e-type=\"widget\" data-widget_type=\"shortcode.default\">\n\t\t\t\t<div class=\"elementor-widget-container\">\n\t\t\t\t\t\t\t<div class=\"elementor-shortcode\"><a href=\"https:\/\/www.bibliotecadigital.unicamp.br\/bd\">In\u00edcio<\/a><\/div>\n\t\t\t\t\t\t<\/div>\n\t\t\t\t<\/div>\n\t\t\t\t\t<\/div>\n\t\t<\/div>\n\t\t\t\t\t<\/div>\n\t\t<\/section>\n\t\t\t\t<section class=\"elementor-section elementor-top-section elementor-element elementor-element-bf42ce8 elementor-section-boxed elementor-section-height-default elementor-section-height-default\" data-id=\"bf42ce8\" data-element_type=\"section\" data-e-type=\"section\">\n\t\t\t\t\t\t<div class=\"elementor-container elementor-column-gap-default\">\n\t\t\t\t\t<div class=\"elementor-column elementor-col-100 elementor-top-column elementor-element elementor-element-8b3338a\" data-id=\"8b3338a\" data-element_type=\"column\" data-e-type=\"column\">\n\t\t\t<div class=\"elementor-widget-wrap elementor-element-populated\">\n\t\t\t\t\t\t<div class=\"elementor-element elementor-element-569114e elementor-widget elementor-widget-shortcode\" data-id=\"569114e\" data-element_type=\"widget\" data-e-type=\"widget\" data-widget_type=\"shortcode.default\">\n\t\t\t\t<div class=\"elementor-widget-container\">\n\t\t\t\t\t\t\t<div class=\"elementor-shortcode\">\n<link rel='stylesheet' id='25380-css'  href='https:\/\/www.bibliotecadigital.unicamp.br\/bd\/wp-content\/uploads\/winp-css-js\/25380.css?ver=1775759516' type='text\/css' media='all' \/>\n<\/div>\n\t\t\t\t\t\t<\/div>\n\t\t\t\t<\/div>\n\t\t\t\t\t<\/div>\n\t\t<\/div>\n\t\t\t\t\t<\/div>\n\t\t<\/section>\n\t\t\t\t<section class=\"elementor-section elementor-top-section elementor-element elementor-element-dab4124 elementor-section-boxed elementor-section-height-default elementor-section-height-default\" data-id=\"dab4124\" data-element_type=\"section\" data-e-type=\"section\">\n\t\t\t\t\t\t<div class=\"elementor-container elementor-column-gap-default\">\n\t\t\t\t\t<div class=\"elementor-column elementor-col-100 elementor-top-column elementor-element elementor-element-32eb40b\" data-id=\"32eb40b\" data-element_type=\"column\" data-e-type=\"column\">\n\t\t\t<div class=\"elementor-widget-wrap elementor-element-populated\">\n\t\t\t\t\t\t<div class=\"elementor-element elementor-element-49bb136 elementor-widget elementor-widget-shortcode\" data-id=\"49bb136\" data-element_type=\"widget\" data-e-type=\"widget\" data-widget_type=\"shortcode.default\">\n\t\t\t\t<div class=\"elementor-widget-container\">\n\t\t\t\t\t\t\t<div class=\"elementor-shortcode\"><div class='empty-state-container'><div class='empty-state-icon'><i class='fas fa-search'><\/i><\/div><h3 class='empty-state-title'>Nenhum resultado encontrado<\/h3><p class='empty-state-text'>Aparentemente n\u00e3o conseguimos encontrar o que voc\u00ea est\u00e1 procurando. Talvez uma nova busca ajude.<\/p><a href='#' class='empty-state-back'><i class='fas fa-arrow-left'><\/i> Voltar<\/a><\/div><div class='empty-state-container'><div class='empty-state-icon'><i class='fas fa-search'><\/i><\/div><h3 class='empty-state-title'>Nenhum resultado encontrado<\/h3><p class='empty-state-text'>Aparentemente n\u00e3o conseguimos encontrar o que voc\u00ea est\u00e1 procurando. Talvez uma nova busca ajude.<\/p><a href='#' class='empty-state-back'><i class='fas fa-arrow-left'><\/i> Voltar<\/a><\/div><div id=\"myModal\" class=\"modal\"><span class=\"close\">\u00d7<\/span><img class=\"modal-content\" id=\"img01\"><div id=\"caption\"><\/div><\/div><\/div><\/article>\t\r\n\r\n<script>\r\n\tvar modal = document.getElementById('myModal');\r\n\r\n\t\/\/ Get the image and insert it inside the modal - use its \"alt\" text as a caption\r\n\tvar img = document.getElementsByClassName('myImg');\r\n\tvar modalImg = document.getElementById(\"img01\");\r\n\tvar captionText = document.getElementById(\"caption\");\r\n\r\n\tvar showModal = function(){\r\n\t    modal.style.display = \"block\";\r\n\t    modalImg.src = this.src;\r\n\t    captionText.innerHTML = this.alt;\r\n\t}\r\n\r\n\tfor (var i = 0; i < img.length; i++) {\r\n\t    img[i].addEventListener('click', showModal);\r\n\t}\r\n\r\n\t\/\/ Get the <span> element that closes the modal\r\n\tvar span = document.getElementsByClassName(\"close\")[0];\r\n\r\n\t\/\/ When the user clicks on <span> (x), close the modal\r\n\tspan.onclick = function() { \r\n\t\tmodal.style.display = \"none\";\r\n}\r\n<\/script>\r\n<\/div>\n\t\t\t\t\t\t<\/div>\n\t\t\t\t<\/div>\n\t\t\t\t\t<\/div>\n\t\t<\/div>\n\t\t\t\t\t<\/div>\n\t\t<\/section>\n\t\t\t\t<\/div>\n\t\t","protected":false},"excerpt":{"rendered":"","protected":false},"author":1,"featured_media":0,"parent":0,"menu_order":0,"comment_status":"closed","ping_status":"closed","template":"","meta":{"inline_featured_image":false,"footnotes":""},"instituto":[],"class_list":["post-7942","page","type-page","status-publish","hentry"],"_links":{"self":[{"href":"https:\/\/www.bibliotecadigital.unicamp.br\/bd\/index.php\/wp-json\/wp\/v2\/pages\/7942","targetHints":{"allow":["GET"]}}],"collection":[{"href":"https:\/\/www.bibliotecadigital.unicamp.br\/bd\/index.php\/wp-json\/wp\/v2\/pages"}],"about":[{"href":"https:\/\/www.bibliotecadigital.unicamp.br\/bd\/index.php\/wp-json\/wp\/v2\/types\/page"}],"author":[{"embeddable":true,"href":"https:\/\/www.bibliotecadigital.unicamp.br\/bd\/index.php\/wp-json\/wp\/v2\/users\/1"}],"replies":[{"embeddable":true,"href":"https:\/\/www.bibliotecadigital.unicamp.br\/bd\/index.php\/wp-json\/wp\/v2\/comments?post=7942"}],"version-history":[{"count":26,"href":"https:\/\/www.bibliotecadigital.unicamp.br\/bd\/index.php\/wp-json\/wp\/v2\/pages\/7942\/revisions"}],"predecessor-version":[{"id":25400,"href":"https:\/\/www.bibliotecadigital.unicamp.br\/bd\/index.php\/wp-json\/wp\/v2\/pages\/7942\/revisions\/25400"}],"wp:attachment":[{"href":"https:\/\/www.bibliotecadigital.unicamp.br\/bd\/index.php\/wp-json\/wp\/v2\/media?parent=7942"}],"wp:term":[{"taxonomy":"instituto","embeddable":true,"href":"https:\/\/www.bibliotecadigital.unicamp.br\/bd\/index.php\/wp-json\/wp\/v2\/instituto?post=7942"}],"curies":[{"name":"wp","href":"https:\/\/api.w.org\/{rel}","templated":true}]}}