{"id":6819,"date":"2023-06-19T14:49:21","date_gmt":"2023-06-19T17:49:21","guid":{"rendered":"https:\/\/www.bibliotecadigital.unicamp.br\/bd\/?page_id=6819"},"modified":"2025-06-25T17:34:18","modified_gmt":"2025-06-25T20:34:18","slug":"nucleo-de-estudos-de-populacao-nepo","status":"publish","type":"page","link":"https:\/\/www.bibliotecadigital.unicamp.br\/bd\/index.php\/nucleo-de-estudos-de-populacao-nepo\/","title":{"rendered":"N\u00facleo de Estudos de Popula\u00e7\u00e3o"},"content":{"rendered":"\t\t<div data-elementor-type=\"wp-page\" data-elementor-id=\"6819\" class=\"elementor elementor-6819\">\n\t\t\t\t\t\t<section class=\"elementor-section elementor-top-section elementor-element elementor-element-0c19e3f elementor-section-boxed elementor-section-height-default elementor-section-height-default\" data-id=\"0c19e3f\" data-element_type=\"section\" data-e-type=\"section\">\n\t\t\t\t\t\t<div class=\"elementor-container elementor-column-gap-default\">\n\t\t\t\t\t<div class=\"elementor-column elementor-col-100 elementor-top-column elementor-element elementor-element-8aa8070\" data-id=\"8aa8070\" data-element_type=\"column\" data-e-type=\"column\">\n\t\t\t<div class=\"elementor-widget-wrap elementor-element-populated\">\n\t\t\t\t\t\t<div class=\"elementor-element elementor-element-86012e6 elementor-widget elementor-widget-shortcode\" data-id=\"86012e6\" data-element_type=\"widget\" data-e-type=\"widget\" data-widget_type=\"shortcode.default\">\n\t\t\t\t<div class=\"elementor-widget-container\">\n\t\t\t\t\t\t\t<div class=\"elementor-shortcode\"><a href=\"https:\/\/www.bibliotecadigital.unicamp.br\/bd\">In\u00edcio<\/a><\/div>\n\t\t\t\t\t\t<\/div>\n\t\t\t\t<\/div>\n\t\t\t\t\t<\/div>\n\t\t<\/div>\n\t\t\t\t\t<\/div>\n\t\t<\/section>\n\t\t\t\t<section class=\"elementor-section elementor-top-section elementor-element elementor-element-66e9256 elementor-section-boxed elementor-section-height-default elementor-section-height-default\" data-id=\"66e9256\" data-element_type=\"section\" data-e-type=\"section\">\n\t\t\t\t\t\t<div class=\"elementor-container elementor-column-gap-default\">\n\t\t\t\t\t<div class=\"elementor-column elementor-col-100 elementor-top-column elementor-element elementor-element-efb2ece\" data-id=\"efb2ece\" data-element_type=\"column\" data-e-type=\"column\">\n\t\t\t<div class=\"elementor-widget-wrap elementor-element-populated\">\n\t\t\t\t\t\t<div class=\"elementor-element elementor-element-ead7916 elementor-widget elementor-widget-image\" data-id=\"ead7916\" data-element_type=\"widget\" data-e-type=\"widget\" data-widget_type=\"image.default\">\n\t\t\t\t<div class=\"elementor-widget-container\">\n\t\t\t\t\t\t\t\t\t\t\t\t\t\t\t<img decoding=\"async\" width=\"150\" height=\"150\" src=\"https:\/\/www.bibliotecadigital.unicamp.br\/bd\/wp-content\/uploads\/2019\/11\/Icone-nepo.png\" class=\"attachment-thumbnail size-thumbnail wp-image-228\" alt=\"N\u00facleo de Estudos de Popula\u00e7\u00e3o &quot;Elza Berquo&quot;\" \/>\t\t\t\t\t\t\t\t\t\t\t\t\t\t\t<\/div>\n\t\t\t\t<\/div>\n\t\t\t\t<div class=\"elementor-element elementor-element-afde294 elementor-widget elementor-widget-heading\" data-id=\"afde294\" data-element_type=\"widget\" data-e-type=\"widget\" data-widget_type=\"heading.default\">\n\t\t\t\t<div class=\"elementor-widget-container\">\n\t\t\t\t\t<h3 class=\"elementor-heading-title elementor-size-default\">N\u00facleo de Estudos de Popula\u00e7\u00e3o \u2013 NEPO<\/h3>\t\t\t\t<\/div>\n\t\t\t\t<\/div>\n\t\t\t\t\t<\/div>\n\t\t<\/div>\n\t\t\t\t\t<\/div>\n\t\t<\/section>\n\t\t\t\t<section class=\"elementor-section elementor-top-section elementor-element elementor-element-05d0345 elementor-section-boxed elementor-section-height-default elementor-section-height-default\" data-id=\"05d0345\" data-element_type=\"section\" data-e-type=\"section\">\n\t\t\t\t\t\t<div class=\"elementor-container elementor-column-gap-default\">\n\t\t\t\t\t<div class=\"elementor-column elementor-col-100 elementor-top-column elementor-element elementor-element-52669fd\" data-id=\"52669fd\" data-element_type=\"column\" data-e-type=\"column\">\n\t\t\t<div class=\"elementor-widget-wrap elementor-element-populated\">\n\t\t\t\t\t\t<div class=\"elementor-element elementor-element-fc4f212 elementor-widget elementor-widget-shortcode\" data-id=\"fc4f212\" data-element_type=\"widget\" data-e-type=\"widget\" data-widget_type=\"shortcode.default\">\n\t\t\t\t<div class=\"elementor-widget-container\">\n\t\t\t\t\t\t\t<div class=\"elementor-shortcode\">\n<link rel='stylesheet' id='25714-css'  href='https:\/\/www.bibliotecadigital.unicamp.br\/bd\/wp-content\/uploads\/winp-css-js\/25714.css?ver=1775761621' type='text\/css' media='all' \/>\n\t\r\n  <form  class=\"filter-bar\" action=\"\" method=\"GET\">\r\n\r\n\t\t\t<!-- Bolco com as op\u00e7\u00f5e de filtro-->\t\t\r\n\t\t\t\t \r\n<select name=\"info\" class=\"desktop\">\r\n\t\t\t<option selected=\"true\" value=\"#\">Todas as informa\u00e7\u00f5es<\/option>\t\t\r\n\t\t\t<option value=\"title\">T\u00edtulo<\/option>\t\t\r\n\t\t\t<option value=\"author\">Autor<\/option>\t\t\r\n\t\t\t<option value=\"keywords\">Palavras-chave<\/option>\t\r\n\t\t\t<option value=\"source\">Ano<\/option>\t\r\n<\/select>\r\n\t\t\t\t<select name=\"id\" class=\"desktop\">\r\n\t\t\t\t<option value=\"#\">Selecionar<\/option>\r\n\t\t\t\t<option  value=\"839\">Materiais Pedag\u00f3gicos<\/option>\r\n\t\t\t\t<option  value=\"869\">Trabalhos Acad\u00eamicos Externos<\/option>\t\r\n\t\t\t\t<\/select>\r\n\r\n\t\t\t<input type=\"text\" name=\"nome\" value=\"\" placeholder=\"fa\u00e7a sua busca aqui\">\r\n\t\t\t<input type=\"hidden\" name=\"pagina\" value='1'>\t\r\n\t\t\t<input type=\"submit\" name=\"submit\" value=\"Pesquisar\"  title = 'Submeter pesquisa'>\r\n\t\t    <input type=\"hidden\" id=\"op\" name=\"op\" value=\"0\">\r\n \r\n\t<\/form><\/div>\n\t\t\t\t\t\t<\/div>\n\t\t\t\t<\/div>\n\t\t\t\t\t<\/div>\n\t\t<\/div>\n\t\t\t\t\t<\/div>\n\t\t<\/section>\n\t\t\t\t<section class=\"elementor-section elementor-top-section elementor-element elementor-element-b1f46e5 elementor-section-boxed elementor-section-height-default elementor-section-height-default\" data-id=\"b1f46e5\" data-element_type=\"section\" data-e-type=\"section\">\n\t\t\t\t\t\t<div class=\"elementor-container elementor-column-gap-default\">\n\t\t\t\t\t<div class=\"elementor-column elementor-col-100 elementor-top-column elementor-element elementor-element-dc36848\" data-id=\"dc36848\" data-element_type=\"column\" data-e-type=\"column\">\n\t\t\t<div class=\"elementor-widget-wrap elementor-element-populated\">\n\t\t\t\t\t\t<div class=\"elementor-element elementor-element-8532b48 elementor-widget elementor-widget-shortcode\" data-id=\"8532b48\" data-element_type=\"widget\" data-e-type=\"widget\" data-widget_type=\"shortcode.default\">\n\t\t\t\t<div class=\"elementor-widget-container\">\n\t\t\t\t\t\t\t<div class=\"elementor-shortcode\">\n<link rel='stylesheet' id='2741-css'  href='https:\/\/www.bibliotecadigital.unicamp.br\/bd\/wp-content\/uploads\/winp-css-js\/2741.css?ver=1775566846' type='text\/css' media='all' \/>\n<\/div>\n\t\t\t\t\t\t<\/div>\n\t\t\t\t<\/div>\n\t\t\t\t<div class=\"elementor-element elementor-element-da9ffd6 elementor-widget elementor-widget-shortcode\" data-id=\"da9ffd6\" data-element_type=\"widget\" data-e-type=\"widget\" data-widget_type=\"shortcode.default\">\n\t\t\t\t<div class=\"elementor-widget-container\">\n\t\t\t\t\t\t\t<div class=\"elementor-shortcode\"><center><p>Por favor, selecione o tipo de material que deseja<\/p><\/center><\/div>\n\t\t\t\t\t\t<\/div>\n\t\t\t\t<\/div>\n\t\t\t\t\t<\/div>\n\t\t<\/div>\n\t\t\t\t\t<\/div>\n\t\t<\/section>\n\t\t\t\t<\/div>\n\t\t","protected":false},"excerpt":{"rendered":"<p>N\u00facleo de Estudos de Popula\u00e7\u00e3o \u2013 NEPO<\/p>\n","protected":false},"author":1,"featured_media":0,"parent":0,"menu_order":0,"comment_status":"closed","ping_status":"closed","template":"","meta":{"inline_featured_image":false,"footnotes":""},"instituto":[],"class_list":["post-6819","page","type-page","status-publish","hentry"],"_links":{"self":[{"href":"https:\/\/www.bibliotecadigital.unicamp.br\/bd\/index.php\/wp-json\/wp\/v2\/pages\/6819","targetHints":{"allow":["GET"]}}],"collection":[{"href":"https:\/\/www.bibliotecadigital.unicamp.br\/bd\/index.php\/wp-json\/wp\/v2\/pages"}],"about":[{"href":"https:\/\/www.bibliotecadigital.unicamp.br\/bd\/index.php\/wp-json\/wp\/v2\/types\/page"}],"author":[{"embeddable":true,"href":"https:\/\/www.bibliotecadigital.unicamp.br\/bd\/index.php\/wp-json\/wp\/v2\/users\/1"}],"replies":[{"embeddable":true,"href":"https:\/\/www.bibliotecadigital.unicamp.br\/bd\/index.php\/wp-json\/wp\/v2\/comments?post=6819"}],"version-history":[{"count":20,"href":"https:\/\/www.bibliotecadigital.unicamp.br\/bd\/index.php\/wp-json\/wp\/v2\/pages\/6819\/revisions"}],"predecessor-version":[{"id":12213,"href":"https:\/\/www.bibliotecadigital.unicamp.br\/bd\/index.php\/wp-json\/wp\/v2\/pages\/6819\/revisions\/12213"}],"wp:attachment":[{"href":"https:\/\/www.bibliotecadigital.unicamp.br\/bd\/index.php\/wp-json\/wp\/v2\/media?parent=6819"}],"wp:term":[{"taxonomy":"instituto","embeddable":true,"href":"https:\/\/www.bibliotecadigital.unicamp.br\/bd\/index.php\/wp-json\/wp\/v2\/instituto?post=6819"}],"curies":[{"name":"wp","href":"https:\/\/api.w.org\/{rel}","templated":true}]}}