{"id":4816,"date":"2022-08-17T11:07:21","date_gmt":"2022-08-17T14:07:21","guid":{"rendered":"https:\/\/www.bibliotecadigital.unicamp.br\/bd\/?page_id=4816"},"modified":"2026-04-09T15:13:01","modified_gmt":"2026-04-09T18:13:01","slug":"biblioteca-digital-zika","status":"publish","type":"page","link":"https:\/\/www.bibliotecadigital.unicamp.br\/bd\/index.php\/biblioteca-digital-zika\/","title":{"rendered":"Biblioteca Digital Zika"},"content":{"rendered":"\t\t<div data-elementor-type=\"wp-page\" data-elementor-id=\"4816\" class=\"elementor elementor-4816\">\n\t\t\t\t\t\t<section class=\"elementor-section elementor-top-section elementor-element elementor-element-ce80388 elementor-section-boxed elementor-section-height-default elementor-section-height-default\" data-id=\"ce80388\" data-element_type=\"section\" data-e-type=\"section\">\n\t\t\t\t\t\t<div class=\"elementor-container elementor-column-gap-default\">\n\t\t\t\t\t<div class=\"elementor-column elementor-col-100 elementor-top-column elementor-element elementor-element-23db332\" data-id=\"23db332\" data-element_type=\"column\" data-e-type=\"column\">\n\t\t\t<div class=\"elementor-widget-wrap elementor-element-populated\">\n\t\t\t\t\t\t<div class=\"elementor-element elementor-element-00bb22c elementor-widget elementor-widget-shortcode\" data-id=\"00bb22c\" data-element_type=\"widget\" data-e-type=\"widget\" data-widget_type=\"shortcode.default\">\n\t\t\t\t<div class=\"elementor-widget-container\">\n\t\t\t\t\t\t\t<div class=\"elementor-shortcode\"><a href=\"https:\/\/www.bibliotecadigital.unicamp.br\/bd\">In\u00edcio<\/a><\/div>\n\t\t\t\t\t\t<\/div>\n\t\t\t\t<\/div>\n\t\t\t\t\t<\/div>\n\t\t<\/div>\n\t\t\t\t\t<\/div>\n\t\t<\/section>\n\t\t\t\t<section class=\"elementor-section elementor-top-section elementor-element elementor-element-478fc6fa elementor-section-boxed elementor-section-height-default elementor-section-height-default\" data-id=\"478fc6fa\" data-element_type=\"section\" data-e-type=\"section\">\n\t\t\t\t\t\t<div class=\"elementor-container elementor-column-gap-default\">\n\t\t\t\t\t<div class=\"elementor-column elementor-col-100 elementor-top-column elementor-element elementor-element-fedb3c5\" data-id=\"fedb3c5\" data-element_type=\"column\" data-e-type=\"column\">\n\t\t\t<div class=\"elementor-widget-wrap elementor-element-populated\">\n\t\t\t\t\t\t<div class=\"elementor-element elementor-element-1bddd422 elementor-widget elementor-widget-image\" data-id=\"1bddd422\" data-element_type=\"widget\" data-e-type=\"widget\" data-widget_type=\"image.default\">\n\t\t\t\t<div class=\"elementor-widget-container\">\n\t\t\t\t\t\t\t\t\t\t\t\t\t\t\t<img decoding=\"async\" width=\"150\" height=\"150\" src=\"https:\/\/www.bibliotecadigital.unicamp.br\/bd\/wp-content\/uploads\/2022\/08\/bd_zika_vermelho.png\" class=\"attachment-thumbnail size-thumbnail wp-image-4818\" alt=\"Cole\u00e7\u00e3o Biblioteca Digital Zilka\" \/>\t\t\t\t\t\t\t\t\t\t\t\t\t\t\t<\/div>\n\t\t\t\t<\/div>\n\t\t\t\t<div class=\"elementor-element elementor-element-87666d5 elementor-widget elementor-widget-text-editor\" data-id=\"87666d5\" data-element_type=\"widget\" data-e-type=\"widget\" data-widget_type=\"text-editor.default\">\n\t\t\t\t<div class=\"elementor-widget-container\">\n\t\t\t\t\t\t\t\t\t<h3>Biblioteca Digital Zika<\/h3>\t\t\t\t\t\t\t\t<\/div>\n\t\t\t\t<\/div>\n\t\t\t\t\t<\/div>\n\t\t<\/div>\n\t\t\t\t\t<\/div>\n\t\t<\/section>\n\t\t\t\t<section class=\"elementor-section elementor-top-section elementor-element elementor-element-9e1c885 elementor-section-boxed elementor-section-height-default elementor-section-height-default\" data-id=\"9e1c885\" data-element_type=\"section\" data-e-type=\"section\">\n\t\t\t\t\t\t<div class=\"elementor-container elementor-column-gap-default\">\n\t\t\t\t\t<div class=\"elementor-column elementor-col-100 elementor-top-column elementor-element elementor-element-1e9deab\" data-id=\"1e9deab\" data-element_type=\"column\" data-e-type=\"column\">\n\t\t\t<div class=\"elementor-widget-wrap\">\n\t\t\t\t\t\t\t<\/div>\n\t\t<\/div>\n\t\t\t\t\t<\/div>\n\t\t<\/section>\n\t\t\t\t<section class=\"elementor-section elementor-top-section elementor-element elementor-element-9d98e59 elementor-section-boxed elementor-section-height-default elementor-section-height-default\" data-id=\"9d98e59\" data-element_type=\"section\" data-e-type=\"section\">\n\t\t\t\t\t\t<div class=\"elementor-container elementor-column-gap-default\">\n\t\t\t\t\t<div class=\"elementor-column elementor-col-100 elementor-top-column elementor-element elementor-element-612c910\" data-id=\"612c910\" data-element_type=\"column\" data-e-type=\"column\">\n\t\t\t<div class=\"elementor-widget-wrap elementor-element-populated\">\n\t\t\t\t\t\t<div class=\"elementor-element elementor-element-022d633 elementor-widget elementor-widget-shortcode\" data-id=\"022d633\" data-element_type=\"widget\" data-e-type=\"widget\" data-widget_type=\"shortcode.default\">\n\t\t\t\t<div class=\"elementor-widget-container\">\n\t\t\t\t\t\t\t<div class=\"elementor-shortcode\">\n<link rel='stylesheet' id='25714-css'  href='https:\/\/www.bibliotecadigital.unicamp.br\/bd\/wp-content\/uploads\/winp-css-js\/25714.css?ver=1775761621' type='text\/css' media='all' \/>\n\t\r\n\r\n\r\n<form class=\"filter-bar\" action=\"\" method=\"GET\">\r\n\t\t\t\t<!-- Bolco com as op\u00e7\u00f5e de filtro-->\t\t\r\n\t\t\t\t \r\n<select name=\"info\" class=\"desktop\">\r\n\t\t\t<option selected=\"true\" value=\"#\">Todas as informa\u00e7\u00f5es<\/option>\t\t\r\n\t\t\t<option value=\"title\">T\u00edtulo<\/option>\t\t\r\n\t\t\t<option value=\"author\">Autor<\/option>\t\t\r\n\t\t\t<option value=\"keywords\">Palavras-chave<\/option>\t\r\n\t\t\t<option value=\"source\">Ano<\/option>\t\r\n<\/select>\t\t\t\r\n\t\t\t<select name=\"tipo\" class=\"desktop\">\r\n\t\t\t\t<option value=\"0\">\u00c1reas de Pesquisa<\/option>\r\n\t\t\t\t<option  value=\"1\">Carateriza\u00e7\u00e3o Molecular e Biol\u00f3gica <\/option>\r\n\t\t\t\t<option  value=\"2\">Mecanismo Imunopatogenicidade <\/option>\r\n\t\t\t\t<option  value=\"3\">Novas Metodologias e Diagn\u00f3sticos<\/option>\r\n\t\t\t\t<option  value=\"4\">Estrat\u00e9gias de Bloqueio de Transmiss\u00e3o e Controle do Mosquito <\/option>\r\n\t\t\t\t<option  value=\"5\">Epidemiologia & Imunologia e Repercuss\u00f5es Cl\u00ednicas <\/option>\r\n             <\/select>\r\n\t\t\t\r\n\t\t<input type=\"text\" name=\"nome\" value=\"\"  placeholder=\"fa\u00e7a sua pesquisa aqui\">\r\n\t\t<input type=\"hidden\" name=\"pagina\" value=\"1\">\t\r\n\t\t<input type=\"submit\" name=\"submit\" value=\"Pesquisar\"  title=\"Subimeter pesquisa\">\t\r\n<\/form>\r\n\r\n\r\n<\/div>\n\t\t\t\t\t\t<\/div>\n\t\t\t\t<\/div>\n\t\t\t\t<div class=\"elementor-element elementor-element-0cf17b8 elementor-widget elementor-widget-shortcode\" data-id=\"0cf17b8\" data-element_type=\"widget\" data-e-type=\"widget\" data-widget_type=\"shortcode.default\">\n\t\t\t\t<div class=\"elementor-widget-container\">\n\t\t\t\t\t\t\t<div class=\"elementor-shortcode\">\n<link rel='stylesheet' id='25723-css'  href='https:\/\/www.bibliotecadigital.unicamp.br\/bd\/wp-content\/uploads\/winp-css-js\/25723.css?ver=1775565975' type='text\/css' media='all' \/>\n<\/div>\n\t\t\t\t\t\t<\/div>\n\t\t\t\t<\/div>\n\t\t\t\t<div class=\"elementor-element elementor-element-5f86fab elementor-widget elementor-widget-shortcode\" data-id=\"5f86fab\" data-element_type=\"widget\" data-e-type=\"widget\" data-widget_type=\"shortcode.default\">\n\t\t\t\t<div class=\"elementor-widget-container\">\n\t\t\t\t\t\t\t<div class=\"elementor-shortcode\">\n<link rel='stylesheet' id='25731-css'  href='https:\/\/www.bibliotecadigital.unicamp.br\/bd\/wp-content\/uploads\/winp-css-js\/25731.css?ver=1775681953' type='text\/css' media='all' \/>\n<\/div>\n\t\t\t\t\t\t<\/div>\n\t\t\t\t<\/div>\n\t\t\t\t<div class=\"elementor-element elementor-element-7311370 elementor-widget elementor-widget-shortcode\" data-id=\"7311370\" data-element_type=\"widget\" data-e-type=\"widget\" data-widget_type=\"shortcode.default\">\n\t\t\t\t<div class=\"elementor-widget-container\">\n\t\t\t\t\t\t\t<div class=\"elementor-shortcode\"><div class=\"results-header\"> <h4 class=\"results-title\">Resultados da pesquisa<\/h4> <span class=\"results-count\">Encontrados <strong>18.161<\/strong> documentos<\/span> <\/div><article class=\"doc-container\"><div class=\"doc-capa-wrapper\"><img class='doc-capa' src='http:\/\/www.bibliotecadigital.unicamp.br\/images\/Capas\/' alt='Capa:'100 years of the Pan American Health Organization' onerror=this.src='https:\/\/placehold.co\/150x200\/f0f0f0\/a0a0a0.png?text=BDU'><\/div><div class=\"doc-info\"><h2 class=\"doc-title\"><a href=\"https:\/\/www.bibliotecadigital.unicamp.br\/bd\/index.php\/detalhes-material\/?code=69952\" title=\"100 years of the Pan American Health Organization\">100 years of the Pan American Health Organization <\/a><h2><div class=\"doc-meta\"><span class=\"label-vermelho\">Autores:<\/span>Fee, E; Brown, TM<\/div><div class=\"doc-meta\"><span class=\"label-vermelho\">Dispon\u00edvel em:<\/span> <a href = 'https:\/\/www.bibliotecadigital.unicamp.br\/bd\/index.php\/biblioteca-digital-zika\/ '  class='link-disponivel' >Biblioteca Digital Zika<\/a><span> >> <\/span> <\/div><div class=\"botoes-container\"><a href=\"https:\/\/www.bibliotecadigital.unicamp.br\/bd\/index.php\/detalhes-material\/?code=69952\" class=\"botao\" title=\"Selecione esta op\u00e7\u00e3o para ver as informa\u00e7\u00f5es do item\">  Acessar Documento<\/a> <a href=\"https:\/\/www.bibliotecadigital.unicamp.br\/bd\/index.php\/indicadores-documento\/?code=69952\" class=\"botao botao-secundario\" targe=\"_blank\" ><i class=\"fas fa-chart-line\"><\/i>  Indicadores<\/a><\/div><\/div><\/article><article class=\"doc-container\"><div class=\"doc-capa-wrapper\"><img class='doc-capa' src='http:\/\/www.bibliotecadigital.unicamp.br\/images\/Capas\/' alt='Capa:'139 Dengue vector control: critical needs and opportunities for helping to control the dengue pandemic' onerror=this.src='https:\/\/placehold.co\/150x200\/f0f0f0\/a0a0a0.png?text=BDU'><\/div><div class=\"doc-info\"><h2 class=\"doc-title\"><a href=\"https:\/\/www.bibliotecadigital.unicamp.br\/bd\/index.php\/detalhes-material\/?code=72675\" title=\"139 Dengue vector control: critical needs and opportunities for helping to control the dengue pandemic\">139 Dengue vector control: critical needs and opportunities for helping to control the dengue pandemic <\/a><h2><div class=\"doc-meta\"><span class=\"label-vermelho\">Autores:<\/span>Beaty, Barry<\/div><div class=\"doc-meta\"><span class=\"label-vermelho\">Dispon\u00edvel em:<\/span> <a href = 'https:\/\/www.bibliotecadigital.unicamp.br\/bd\/index.php\/biblioteca-digital-zika\/ '  class='link-disponivel' >Biblioteca Digital Zika<\/a><span> >> <\/span> <\/div><div class=\"botoes-container\"><a href=\"https:\/\/www.bibliotecadigital.unicamp.br\/bd\/index.php\/detalhes-material\/?code=72675\" class=\"botao\" title=\"Selecione esta op\u00e7\u00e3o para ver as informa\u00e7\u00f5es do item\">  Acessar Documento<\/a> <a href=\"https:\/\/www.bibliotecadigital.unicamp.br\/bd\/index.php\/indicadores-documento\/?code=72675\" class=\"botao botao-secundario\" targe=\"_blank\" ><i class=\"fas fa-chart-line\"><\/i>  Indicadores<\/a><\/div><\/div><\/article><article class=\"doc-container\"><div class=\"doc-capa-wrapper\"><img class='doc-capa' src='http:\/\/www.bibliotecadigital.unicamp.br\/images\/Capas\/' alt='Capa:'14 New Reports of Sexual Transmission of Zika in U.S.' onerror=this.src='https:\/\/placehold.co\/150x200\/f0f0f0\/a0a0a0.png?text=BDU'><\/div><div class=\"doc-info\"><h2 class=\"doc-title\"><a href=\"https:\/\/www.bibliotecadigital.unicamp.br\/bd\/index.php\/detalhes-material\/?code=63754\" title=\"14 New Reports of Sexual Transmission of Zika in U.S.\">14 New Reports of Sexual Transmission of Zika in U.S. <\/a><h2><div class=\"doc-meta\"><span class=\"label-vermelho\">Autores:<\/span>Tavernise, Sabrina<\/div><div class=\"doc-meta\"><span class=\"label-vermelho\">Dispon\u00edvel em:<\/span> <a href = 'https:\/\/www.bibliotecadigital.unicamp.br\/bd\/index.php\/biblioteca-digital-zika\/ '  class='link-disponivel' >Biblioteca Digital Zika<\/a><span> >> <\/span> <\/div><div class=\"botoes-container\"><a href=\"https:\/\/www.bibliotecadigital.unicamp.br\/bd\/index.php\/detalhes-material\/?code=63754\" class=\"botao\" title=\"Selecione esta op\u00e7\u00e3o para ver as informa\u00e7\u00f5es do item\">  Acessar Documento<\/a> <a href=\"https:\/\/www.bibliotecadigital.unicamp.br\/bd\/index.php\/indicadores-documento\/?code=63754\" class=\"botao botao-secundario\" targe=\"_blank\" ><i class=\"fas fa-chart-line\"><\/i>  Indicadores<\/a><\/div><\/div><\/article><article class=\"doc-container\"><div class=\"doc-capa-wrapper\"><img class='doc-capa' src='http:\/\/www.bibliotecadigital.unicamp.br\/images\/Capas\/' alt='Capa:'1,5-Disubstituted imidazoles inhibit juvenile hormone biosynthesis by the corpora allata of the mosquito Aedes aegypti' onerror=this.src='https:\/\/placehold.co\/150x200\/f0f0f0\/a0a0a0.png?text=BDU'><\/div><div class=\"doc-info\"><h2 class=\"doc-title\"><a href=\"https:\/\/www.bibliotecadigital.unicamp.br\/bd\/index.php\/detalhes-material\/?code=69951\" title=\"1,5-Disubstituted imidazoles inhibit juvenile hormone biosynthesis by the corpora allata of the mosquito Aedes aegypti\">1,5-Disubstituted imidazoles inhibit juvenile hormone biosynthesis by the corpora allata of the mosquito Aedes aegypti <\/a><h2><div class=\"doc-meta\"><span class=\"label-vermelho\">Autores:<\/span>Li, Y. P.; Kuwano, E.; Noriega, F.G.<\/div><div class=\"doc-meta\"><span class=\"label-vermelho\">Dispon\u00edvel em:<\/span> <a href = 'https:\/\/www.bibliotecadigital.unicamp.br\/bd\/index.php\/biblioteca-digital-zika\/ '  class='link-disponivel' >Biblioteca Digital Zika<\/a><span> >> <\/span> <\/div><div class=\"botoes-container\"><a href=\"https:\/\/www.bibliotecadigital.unicamp.br\/bd\/index.php\/detalhes-material\/?code=69951\" class=\"botao\" title=\"Selecione esta op\u00e7\u00e3o para ver as informa\u00e7\u00f5es do item\">  Acessar Documento<\/a> <a href=\"https:\/\/www.bibliotecadigital.unicamp.br\/bd\/index.php\/indicadores-documento\/?code=69951\" class=\"botao botao-secundario\" targe=\"_blank\" ><i class=\"fas fa-chart-line\"><\/i>  Indicadores<\/a><\/div><\/div><\/article><article class=\"doc-container\"><div class=\"doc-capa-wrapper\"><img class='doc-capa' src='http:\/\/www.bibliotecadigital.unicamp.br\/images\/Capas\/' alt='Capa:'2011: What's new in dysimmune neuropathies' onerror=this.src='https:\/\/placehold.co\/150x200\/f0f0f0\/a0a0a0.png?text=BDU'><\/div><div class=\"doc-info\"><h2 class=\"doc-title\"><a href=\"https:\/\/www.bibliotecadigital.unicamp.br\/bd\/index.php\/detalhes-material\/?code=88836\" title=\"2011: What's new in dysimmune neuropathies\">2011: What's new in dysimmune neuropathies <\/a><h2><div class=\"doc-meta\"><span class=\"label-vermelho\">Autores:<\/span>KUNTZER T.<\/div><div class=\"doc-meta\"><span class=\"label-vermelho\">Dispon\u00edvel em:<\/span> <a href = 'https:\/\/www.bibliotecadigital.unicamp.br\/bd\/index.php\/biblioteca-digital-zika\/ '  class='link-disponivel' >Biblioteca Digital Zika<\/a><span> >> <\/span> <\/div><div class=\"botoes-container\"><a href=\"https:\/\/www.bibliotecadigital.unicamp.br\/bd\/index.php\/detalhes-material\/?code=88836\" class=\"botao\" title=\"Selecione esta op\u00e7\u00e3o para ver as informa\u00e7\u00f5es do item\">  Acessar Documento<\/a> <a href=\"https:\/\/www.bibliotecadigital.unicamp.br\/bd\/index.php\/indicadores-documento\/?code=88836\" class=\"botao botao-secundario\" targe=\"_blank\" ><i class=\"fas fa-chart-line\"><\/i>  Indicadores<\/a><\/div><\/div><\/article><article class=\"doc-container\"><div class=\"doc-capa-wrapper\"><img class='doc-capa' src='http:\/\/www.bibliotecadigital.unicamp.br\/images\/Capas\/' alt='Capa:'2013: what's new in inflammatory neuropathies' onerror=this.src='https:\/\/placehold.co\/150x200\/f0f0f0\/a0a0a0.png?text=BDU'><\/div><div class=\"doc-info\"><h2 class=\"doc-title\"><a href=\"https:\/\/www.bibliotecadigital.unicamp.br\/bd\/index.php\/detalhes-material\/?code=88837\" title=\"2013: what's new in inflammatory neuropathies\">2013: what's new in inflammatory neuropathies <\/a><h2><div class=\"doc-meta\"><span class=\"label-vermelho\">Autores:<\/span>KUNTZER T.<\/div><div class=\"doc-meta\"><span class=\"label-vermelho\">Dispon\u00edvel em:<\/span> <a href = 'https:\/\/www.bibliotecadigital.unicamp.br\/bd\/index.php\/biblioteca-digital-zika\/ '  class='link-disponivel' >Biblioteca Digital Zika<\/a><span> >> <\/span> <\/div><div class=\"botoes-container\"><a href=\"https:\/\/www.bibliotecadigital.unicamp.br\/bd\/index.php\/detalhes-material\/?code=88837\" class=\"botao\" title=\"Selecione esta op\u00e7\u00e3o para ver as informa\u00e7\u00f5es do item\">  Acessar Documento<\/a> <a href=\"https:\/\/www.bibliotecadigital.unicamp.br\/bd\/index.php\/indicadores-documento\/?code=88837\" class=\"botao botao-secundario\" targe=\"_blank\" ><i class=\"fas fa-chart-line\"><\/i>  Indicadores<\/a><\/div><\/div><\/article><article class=\"doc-container\"><div class=\"doc-capa-wrapper\"><img class='doc-capa' src='http:\/\/www.bibliotecadigital.unicamp.br\/images\/Capas\/' alt='Capa:'20-hydroxyecdysone mediates non-canonical regulation of mosquito vitellogenins through alternative splicing' onerror=this.src='https:\/\/placehold.co\/150x200\/f0f0f0\/a0a0a0.png?text=BDU'><\/div><div class=\"doc-info\"><h2 class=\"doc-title\"><a href=\"https:\/\/www.bibliotecadigital.unicamp.br\/bd\/index.php\/detalhes-material\/?code=69954\" title=\"20-hydroxyecdysone mediates non-canonical regulation of mosquito vitellogenins through alternative splicing\">20-hydroxyecdysone mediates non-canonical regulation of mosquito vitellogenins through alternative splicing <\/a><h2><div class=\"doc-meta\"><span class=\"label-vermelho\">Autores:<\/span>Provost-Javier, K. N.; Rasgon, J. L.<\/div><div class=\"doc-meta\"><span class=\"label-vermelho\">Dispon\u00edvel em:<\/span> <a href = 'https:\/\/www.bibliotecadigital.unicamp.br\/bd\/index.php\/biblioteca-digital-zika\/ '  class='link-disponivel' >Biblioteca Digital Zika<\/a><span> >> <\/span> <\/div><div class=\"botoes-container\"><a href=\"https:\/\/www.bibliotecadigital.unicamp.br\/bd\/index.php\/detalhes-material\/?code=69954\" class=\"botao\" title=\"Selecione esta op\u00e7\u00e3o para ver as informa\u00e7\u00f5es do item\">  Acessar Documento<\/a> <a href=\"https:\/\/www.bibliotecadigital.unicamp.br\/bd\/index.php\/indicadores-documento\/?code=69954\" class=\"botao botao-secundario\" targe=\"_blank\" ><i class=\"fas fa-chart-line\"><\/i>  Indicadores<\/a><\/div><\/div><\/article><article class=\"doc-container\"><div class=\"doc-capa-wrapper\"><img class='doc-capa' src='http:\/\/www.bibliotecadigital.unicamp.br\/images\/Capas\/' alt='Capa:'20-hydroxyecdysone stimulation of juvenile hormone biosynthesis by the mosquito corpora allata' onerror=this.src='https:\/\/placehold.co\/150x200\/f0f0f0\/a0a0a0.png?text=BDU'><\/div><div class=\"doc-info\"><h2 class=\"doc-title\"><a href=\"https:\/\/www.bibliotecadigital.unicamp.br\/bd\/index.php\/detalhes-material\/?code=69955\" title=\"20-hydroxyecdysone stimulation of juvenile hormone biosynthesis by the mosquito corpora allata\">20-hydroxyecdysone stimulation of juvenile hormone biosynthesis by the mosquito corpora allata <\/a><h2><div class=\"doc-meta\"><span class=\"label-vermelho\">Autores:<\/span>Areiza, Maria; Nouzova, Marcela; Rivera-Perez, Crisalejandra; Noriega, Fernando G.<\/div><div class=\"doc-meta\"><span class=\"label-vermelho\">Dispon\u00edvel em:<\/span> <a href = 'https:\/\/www.bibliotecadigital.unicamp.br\/bd\/index.php\/biblioteca-digital-zika\/ '  class='link-disponivel' >Biblioteca Digital Zika<\/a><span> >> <\/span> <\/div><div class=\"botoes-container\"><a href=\"https:\/\/www.bibliotecadigital.unicamp.br\/bd\/index.php\/detalhes-material\/?code=69955\" class=\"botao\" title=\"Selecione esta op\u00e7\u00e3o para ver as informa\u00e7\u00f5es do item\">  Acessar Documento<\/a> <a href=\"https:\/\/www.bibliotecadigital.unicamp.br\/bd\/index.php\/indicadores-documento\/?code=69955\" class=\"botao botao-secundario\" targe=\"_blank\" ><i class=\"fas fa-chart-line\"><\/i>  Indicadores<\/a><\/div><\/div><\/article><article class=\"doc-container\"><div class=\"doc-capa-wrapper\"><img class='doc-capa' src='http:\/\/www.bibliotecadigital.unicamp.br\/images\/Capas\/' alt='Capa:'20. Immunologic neuromuscular disorders.' onerror=this.src='https:\/\/placehold.co\/150x200\/f0f0f0\/a0a0a0.png?text=BDU'><\/div><div class=\"doc-info\"><h2 class=\"doc-title\"><a href=\"https:\/\/www.bibliotecadigital.unicamp.br\/bd\/index.php\/detalhes-material\/?code=102653\" title=\"20. Immunologic neuromuscular disorders.\">20. Immunologic neuromuscular disorders. <\/a><h2><div class=\"doc-meta\"><span class=\"label-vermelho\">Autores:<\/span>Chitnis Tanuja,Khoury Samia J<\/div><div class=\"doc-meta\"><span class=\"label-vermelho\">Dispon\u00edvel em:<\/span> <a href = 'https:\/\/www.bibliotecadigital.unicamp.br\/bd\/index.php\/biblioteca-digital-zika\/ '  class='link-disponivel' >Biblioteca Digital Zika<\/a><span> >> <\/span> <\/div><div class=\"botoes-container\"><a href=\"https:\/\/www.bibliotecadigital.unicamp.br\/bd\/index.php\/detalhes-material\/?code=102653\" class=\"botao\" title=\"Selecione esta op\u00e7\u00e3o para ver as informa\u00e7\u00f5es do item\">  Acessar Documento<\/a> <a href=\"https:\/\/www.bibliotecadigital.unicamp.br\/bd\/index.php\/indicadores-documento\/?code=102653\" class=\"botao botao-secundario\" targe=\"_blank\" ><i class=\"fas fa-chart-line\"><\/i>  Indicadores<\/a><\/div><\/div><\/article><article class=\"doc-container\"><div class=\"doc-capa-wrapper\"><img class='doc-capa' src='http:\/\/www.bibliotecadigital.unicamp.br\/images\/Capas\/' alt='Capa:'2'-branched nucleosides for treatment of viral infections' onerror=this.src='https:\/\/placehold.co\/150x200\/f0f0f0\/a0a0a0.png?text=BDU'><\/div><div class=\"doc-info\"><h2 class=\"doc-title\"><a href=\"https:\/\/www.bibliotecadigital.unicamp.br\/bd\/index.php\/detalhes-material\/?code=64541\" title=\"2'-branched nucleosides for treatment of viral infections\">2'-branched nucleosides for treatment of viral infections <\/a><h2><div class=\"doc-meta\"><span class=\"label-vermelho\">Autores:<\/span>Novartis AG; Yokokawa, Fumiaki<\/div><div class=\"doc-meta\"><span class=\"label-vermelho\">Dispon\u00edvel em:<\/span> <a href = 'https:\/\/www.bibliotecadigital.unicamp.br\/bd\/index.php\/biblioteca-digital-zika\/ '  class='link-disponivel' >Biblioteca Digital Zika<\/a><span> >> <\/span> <\/div><div class=\"botoes-container\"><a href=\"https:\/\/www.bibliotecadigital.unicamp.br\/bd\/index.php\/detalhes-material\/?code=64541\" class=\"botao\" title=\"Selecione esta op\u00e7\u00e3o para ver as informa\u00e7\u00f5es do item\">  Acessar Documento<\/a> <a href=\"https:\/\/www.bibliotecadigital.unicamp.br\/bd\/index.php\/indicadores-documento\/?code=64541\" class=\"botao botao-secundario\" targe=\"_blank\" ><i class=\"fas fa-chart-line\"><\/i>  Indicadores<\/a><\/div><\/div><\/article><div class='pagination-container'> <span class='pagina-inativa'> \u00ab Primeiro<\/span> <span class='pagina-inativa'>\u2039 Anterior<\/span><span class='pagina-ativa'>1<\/span>  <a href='https:\/\/www.bibliotecadigital.unicamp.br\/bd\/index.php\/wp-json\/wp\/v2\/pages\/4816?pagina=2'>2<\/a>  <a href='https:\/\/www.bibliotecadigital.unicamp.br\/bd\/index.php\/wp-json\/wp\/v2\/pages\/4816?pagina=3'>3<\/a>  <a href='https:\/\/www.bibliotecadigital.unicamp.br\/bd\/index.php\/wp-json\/wp\/v2\/pages\/4816?pagina=4'>4<\/a>  <a href='https:\/\/www.bibliotecadigital.unicamp.br\/bd\/index.php\/wp-json\/wp\/v2\/pages\/4816?pagina=5'>5<\/a>  <a href='https:\/\/www.bibliotecadigital.unicamp.br\/bd\/index.php\/wp-json\/wp\/v2\/pages\/4816?pagina=2'>Pr\u00f3ximo \u203a<\/a> <a href='https:\/\/www.bibliotecadigital.unicamp.br\/bd\/index.php\/wp-json\/wp\/v2\/pages\/4816?pagina=1817'>\u00daltimo \u00bb<\/a><\/div><\/div>\n\t\t\t\t\t\t<\/div>\n\t\t\t\t<\/div>\n\t\t\t\t\t<\/div>\n\t\t<\/div>\n\t\t\t\t\t<\/div>\n\t\t<\/section>\n\t\t\t\t<\/div>\n\t\t","protected":false},"excerpt":{"rendered":"<p>Biblioteca Digital Zika<\/p>\n","protected":false},"author":2,"featured_media":0,"parent":0,"menu_order":0,"comment_status":"closed","ping_status":"closed","template":"","meta":{"inline_featured_image":false,"footnotes":""},"instituto":[42],"class_list":["post-4816","page","type-page","status-publish","hentry","instituto-fcm"],"_links":{"self":[{"href":"https:\/\/www.bibliotecadigital.unicamp.br\/bd\/index.php\/wp-json\/wp\/v2\/pages\/4816","targetHints":{"allow":["GET"]}}],"collection":[{"href":"https:\/\/www.bibliotecadigital.unicamp.br\/bd\/index.php\/wp-json\/wp\/v2\/pages"}],"about":[{"href":"https:\/\/www.bibliotecadigital.unicamp.br\/bd\/index.php\/wp-json\/wp\/v2\/types\/page"}],"author":[{"embeddable":true,"href":"https:\/\/www.bibliotecadigital.unicamp.br\/bd\/index.php\/wp-json\/wp\/v2\/users\/2"}],"replies":[{"embeddable":true,"href":"https:\/\/www.bibliotecadigital.unicamp.br\/bd\/index.php\/wp-json\/wp\/v2\/comments?post=4816"}],"version-history":[{"count":47,"href":"https:\/\/www.bibliotecadigital.unicamp.br\/bd\/index.php\/wp-json\/wp\/v2\/pages\/4816\/revisions"}],"predecessor-version":[{"id":25872,"href":"https:\/\/www.bibliotecadigital.unicamp.br\/bd\/index.php\/wp-json\/wp\/v2\/pages\/4816\/revisions\/25872"}],"wp:attachment":[{"href":"https:\/\/www.bibliotecadigital.unicamp.br\/bd\/index.php\/wp-json\/wp\/v2\/media?parent=4816"}],"wp:term":[{"taxonomy":"instituto","embeddable":true,"href":"https:\/\/www.bibliotecadigital.unicamp.br\/bd\/index.php\/wp-json\/wp\/v2\/instituto?post=4816"}],"curies":[{"name":"wp","href":"https:\/\/api.w.org\/{rel}","templated":true}]}}