{"id":1564,"date":"2021-05-28T15:46:30","date_gmt":"2021-05-28T18:46:30","guid":{"rendered":"http:\/\/143.106.108.51\/bd\/?page_id=1564"},"modified":"2025-06-26T09:12:49","modified_gmt":"2025-06-26T12:12:49","slug":"instituto-de-matematica-estatistica-e-computacao-cientifica-imecc","status":"publish","type":"page","link":"https:\/\/www.bibliotecadigital.unicamp.br\/bd\/index.php\/instituto-de-matematica-estatistica-e-computacao-cientifica-imecc\/","title":{"rendered":"Instituto de Matem\u00e1tica, Estat\u00edstica e Computa\u00e7\u00e3o Cient\u00edfica &#8211; IMECC"},"content":{"rendered":"\t\t<div data-elementor-type=\"wp-page\" data-elementor-id=\"1564\" class=\"elementor elementor-1564\">\n\t\t\t\t\t\t<section class=\"elementor-section elementor-top-section elementor-element elementor-element-2a86d4a elementor-section-boxed elementor-section-height-default elementor-section-height-default\" data-id=\"2a86d4a\" data-element_type=\"section\" data-e-type=\"section\">\n\t\t\t\t\t\t<div class=\"elementor-container elementor-column-gap-default\">\n\t\t\t\t\t<div class=\"elementor-column elementor-col-100 elementor-top-column elementor-element elementor-element-6e59dc5\" data-id=\"6e59dc5\" data-element_type=\"column\" data-e-type=\"column\">\n\t\t\t<div class=\"elementor-widget-wrap elementor-element-populated\">\n\t\t\t\t\t\t<div class=\"elementor-element elementor-element-1a14806 elementor-widget elementor-widget-shortcode\" data-id=\"1a14806\" data-element_type=\"widget\" data-e-type=\"widget\" data-widget_type=\"shortcode.default\">\n\t\t\t\t<div class=\"elementor-widget-container\">\n\t\t\t\t\t\t\t<div class=\"elementor-shortcode\"><a href=\"https:\/\/www.bibliotecadigital.unicamp.br\/bd\">In\u00edcio<\/a><\/div>\n\t\t\t\t\t\t<\/div>\n\t\t\t\t<\/div>\n\t\t\t\t\t<\/div>\n\t\t<\/div>\n\t\t\t\t\t<\/div>\n\t\t<\/section>\n\t\t\t\t<section class=\"elementor-section elementor-top-section elementor-element elementor-element-478fc6fa elementor-section-boxed elementor-section-height-default elementor-section-height-default\" data-id=\"478fc6fa\" data-element_type=\"section\" data-e-type=\"section\">\n\t\t\t\t\t\t<div class=\"elementor-container elementor-column-gap-default\">\n\t\t\t\t\t<div class=\"elementor-column elementor-col-100 elementor-top-column elementor-element elementor-element-fedb3c5\" data-id=\"fedb3c5\" data-element_type=\"column\" data-e-type=\"column\">\n\t\t\t<div class=\"elementor-widget-wrap elementor-element-populated\">\n\t\t\t\t\t\t<div class=\"elementor-element elementor-element-1bddd422 elementor-widget elementor-widget-image\" data-id=\"1bddd422\" data-element_type=\"widget\" data-e-type=\"widget\" data-widget_type=\"image.default\">\n\t\t\t\t<div class=\"elementor-widget-container\">\n\t\t\t\t\t\t\t\t\t\t\t\t\t\t\t<img decoding=\"async\" width=\"150\" height=\"150\" src=\"https:\/\/www.bibliotecadigital.unicamp.br\/bd\/wp-content\/uploads\/2019\/11\/Icone-imecc.png\" class=\"attachment-thumbnail size-thumbnail wp-image-173\" alt=\"Instituto de Matem\u00e1tica, Estat\u00edstica e Computa\u00e7\u00e3o Cient\u00edfica \u2013 IMECC\" \/>\t\t\t\t\t\t\t\t\t\t\t\t\t\t\t<\/div>\n\t\t\t\t<\/div>\n\t\t\t\t<div class=\"elementor-element elementor-element-87666d5 elementor-widget elementor-widget-text-editor\" data-id=\"87666d5\" data-element_type=\"widget\" data-e-type=\"widget\" data-widget_type=\"text-editor.default\">\n\t\t\t\t<div class=\"elementor-widget-container\">\n\t\t\t\t\t\t\t\t\t<h3>Instituto de Matem\u00e1tica, Estat\u00edstica e Computa\u00e7\u00e3o Cient\u00edfica\u00a0 &#8211; IMECC<\/h3>\t\t\t\t\t\t\t\t<\/div>\n\t\t\t\t<\/div>\n\t\t\t\t\t<\/div>\n\t\t<\/div>\n\t\t\t\t\t<\/div>\n\t\t<\/section>\n\t\t\t\t<section class=\"elementor-section elementor-top-section elementor-element elementor-element-a266e3c elementor-section-boxed elementor-section-height-default elementor-section-height-default\" data-id=\"a266e3c\" data-element_type=\"section\" data-e-type=\"section\">\n\t\t\t\t\t\t<div class=\"elementor-container elementor-column-gap-default\">\n\t\t\t\t\t<div class=\"elementor-column elementor-col-100 elementor-top-column elementor-element elementor-element-2885fc6\" data-id=\"2885fc6\" data-element_type=\"column\" data-e-type=\"column\">\n\t\t\t<div class=\"elementor-widget-wrap elementor-element-populated\">\n\t\t\t\t\t\t<div class=\"elementor-element elementor-element-8d74b05 elementor-widget elementor-widget-shortcode\" data-id=\"8d74b05\" data-element_type=\"widget\" data-e-type=\"widget\" data-widget_type=\"shortcode.default\">\n\t\t\t\t<div class=\"elementor-widget-container\">\n\t\t\t\t\t\t\t<div class=\"elementor-shortcode\">\n<link rel='stylesheet' id='25714-css'  href='https:\/\/www.bibliotecadigital.unicamp.br\/bd\/wp-content\/uploads\/winp-css-js\/25714.css?ver=1775761621' type='text\/css' media='all' \/>\n\t\r\n\r\n<form class=\"filter-bar\" action=\"\" method=\"GET\">\r\n\t\t \r\n\t\t\t\t<!-- Bolco com as op\u00e7\u00f5e de filtro-->\t\t\r\n\t\t\t\t \r\n<select name=\"info\" class=\"desktop\">\r\n\t\t\t<option selected=\"true\" value=\"#\">Todas as informa\u00e7\u00f5es<\/option>\t\t\r\n\t\t\t<option value=\"title\">T\u00edtulo<\/option>\t\t\r\n\t\t\t<option value=\"author\">Autor<\/option>\t\t\r\n\t\t\t<option value=\"keywords\">Palavras-chave<\/option>\t\r\n\t\t\t<option value=\"source\">Ano<\/option>\t\r\n<\/select>\t\t\t\r\n\t\t<select name=\"id\" class=\"desktop\">\r\n\t\t\t<option selected=\"true\" value=\"0\">Selecionar<\/option>\r\n\t\t\t<option  value=\"852\">Eventos<\/option>\r\n\t\t\t<option  value=\"852\">Eventos<\/option>\r\n\t\t\t<option  value=\"1262\">Publica\u00e7\u00f5es desvinculadas <\/option>\r\n\t\t\t<option  value=\"853\">Exposi\u00e7\u00f5es<\/option>\r\n\t\t\t<option  value=\"854\">Livros Digitais<\/option>\r\n\t\t\t<option  value=\"855\">Materiais Pedag\u00f3gicos<\/option>\t\r\n\t\t<\/select>\r\n \t\r\n\t\t\t\r\n\t\t<input type=\"text\" name=\"nome\" value=\"\" placeholder=\"fa\u00e7a sua pesquisa aqui\">\r\n\t\t<input type=\"hidden\" name=\"pagina\" value='1'>\t\r\n\t\t<input type=\"submit\" name=\"submit\" value=\"Pesquisar\" title = 'Submeter pesquisa'>\t\r\n\t\t<input type=\"hidden\" id=\"op\" name=\"op\" value=\"0\">\t\t \r\n\t\t\r\n<\/form><\/div>\n\t\t\t\t\t\t<\/div>\n\t\t\t\t<\/div>\n\t\t\t\t\t<\/div>\n\t\t<\/div>\n\t\t\t\t\t<\/div>\n\t\t<\/section>\n\t\t\t\t<section class=\"elementor-section elementor-top-section elementor-element elementor-element-9d98e59 elementor-section-boxed elementor-section-height-default elementor-section-height-default\" data-id=\"9d98e59\" data-element_type=\"section\" data-e-type=\"section\">\n\t\t\t\t\t\t<div class=\"elementor-container elementor-column-gap-default\">\n\t\t\t\t\t<div class=\"elementor-column elementor-col-100 elementor-top-column elementor-element elementor-element-612c910\" data-id=\"612c910\" data-element_type=\"column\" data-e-type=\"column\">\n\t\t\t<div class=\"elementor-widget-wrap elementor-element-populated\">\n\t\t\t\t\t\t<div class=\"elementor-element elementor-element-5e64334 elementor-widget elementor-widget-shortcode\" data-id=\"5e64334\" data-element_type=\"widget\" data-e-type=\"widget\" data-widget_type=\"shortcode.default\">\n\t\t\t\t<div class=\"elementor-widget-container\">\n\t\t\t\t\t\t\t<div class=\"elementor-shortcode\">\n<link rel='stylesheet' id='2741-css'  href='https:\/\/www.bibliotecadigital.unicamp.br\/bd\/wp-content\/uploads\/winp-css-js\/2741.css?ver=1775566846' type='text\/css' media='all' \/>\n<\/div>\n\t\t\t\t\t\t<\/div>\n\t\t\t\t<\/div>\n\t\t\t\t<div class=\"elementor-element elementor-element-7311370 elementor-widget elementor-widget-shortcode\" data-id=\"7311370\" data-element_type=\"widget\" data-e-type=\"widget\" data-widget_type=\"shortcode.default\">\n\t\t\t\t<div class=\"elementor-widget-container\">\n\t\t\t\t\t\t\t<div class=\"elementor-shortcode\"><center><p>Por favor, selecione o tipo de material que deseja<\/p><\/center><\/div>\n\t\t\t\t\t\t<\/div>\n\t\t\t\t<\/div>\n\t\t\t\t\t<\/div>\n\t\t<\/div>\n\t\t\t\t\t<\/div>\n\t\t<\/section>\n\t\t\t\t<\/div>\n\t\t","protected":false},"excerpt":{"rendered":"<p>Instituto de Matem\u00e1tica, Estat\u00edstica e Computa\u00e7\u00e3o Cient\u00edfica\u00a0 &#8211; IMECC<\/p>\n","protected":false},"author":2,"featured_media":0,"parent":0,"menu_order":0,"comment_status":"closed","ping_status":"closed","template":"","meta":{"inline_featured_image":false,"footnotes":""},"instituto":[42],"class_list":["post-1564","page","type-page","status-publish","hentry","instituto-fcm"],"_links":{"self":[{"href":"https:\/\/www.bibliotecadigital.unicamp.br\/bd\/index.php\/wp-json\/wp\/v2\/pages\/1564","targetHints":{"allow":["GET"]}}],"collection":[{"href":"https:\/\/www.bibliotecadigital.unicamp.br\/bd\/index.php\/wp-json\/wp\/v2\/pages"}],"about":[{"href":"https:\/\/www.bibliotecadigital.unicamp.br\/bd\/index.php\/wp-json\/wp\/v2\/types\/page"}],"author":[{"embeddable":true,"href":"https:\/\/www.bibliotecadigital.unicamp.br\/bd\/index.php\/wp-json\/wp\/v2\/users\/2"}],"replies":[{"embeddable":true,"href":"https:\/\/www.bibliotecadigital.unicamp.br\/bd\/index.php\/wp-json\/wp\/v2\/comments?post=1564"}],"version-history":[{"count":26,"href":"https:\/\/www.bibliotecadigital.unicamp.br\/bd\/index.php\/wp-json\/wp\/v2\/pages\/1564\/revisions"}],"predecessor-version":[{"id":12268,"href":"https:\/\/www.bibliotecadigital.unicamp.br\/bd\/index.php\/wp-json\/wp\/v2\/pages\/1564\/revisions\/12268"}],"wp:attachment":[{"href":"https:\/\/www.bibliotecadigital.unicamp.br\/bd\/index.php\/wp-json\/wp\/v2\/media?parent=1564"}],"wp:term":[{"taxonomy":"instituto","embeddable":true,"href":"https:\/\/www.bibliotecadigital.unicamp.br\/bd\/index.php\/wp-json\/wp\/v2\/instituto?post=1564"}],"curies":[{"name":"wp","href":"https:\/\/api.w.org\/{rel}","templated":true}]}}