{"id":1152,"date":"2020-11-19T17:24:23","date_gmt":"2020-11-19T20:24:23","guid":{"rendered":"http:\/\/143.106.108.51\/bd\/?page_id=1152"},"modified":"2025-06-25T17:44:39","modified_gmt":"2025-06-25T20:44:39","slug":"faculdade-de-educacao-fisica-fef","status":"publish","type":"page","link":"https:\/\/www.bibliotecadigital.unicamp.br\/bd\/index.php\/faculdade-de-educacao-fisica-fef\/","title":{"rendered":"Faculdade de Educa\u00e7\u00e3o F\u00edsica &#8211; FEF"},"content":{"rendered":"\t\t<div data-elementor-type=\"wp-page\" data-elementor-id=\"1152\" class=\"elementor elementor-1152\">\n\t\t\t\t\t\t<section class=\"elementor-section elementor-top-section elementor-element elementor-element-ecc41b9 elementor-section-boxed elementor-section-height-default elementor-section-height-default\" data-id=\"ecc41b9\" data-element_type=\"section\" data-e-type=\"section\">\n\t\t\t\t\t\t<div class=\"elementor-container elementor-column-gap-default\">\n\t\t\t\t\t<div class=\"elementor-column elementor-col-100 elementor-top-column elementor-element elementor-element-e33c515\" data-id=\"e33c515\" data-element_type=\"column\" data-e-type=\"column\">\n\t\t\t<div class=\"elementor-widget-wrap elementor-element-populated\">\n\t\t\t\t\t\t<div class=\"elementor-element elementor-element-a014199 elementor-widget elementor-widget-shortcode\" data-id=\"a014199\" data-element_type=\"widget\" data-e-type=\"widget\" data-widget_type=\"shortcode.default\">\n\t\t\t\t<div class=\"elementor-widget-container\">\n\t\t\t\t\t\t\t<div class=\"elementor-shortcode\"><a href=\"https:\/\/www.bibliotecadigital.unicamp.br\/bd\">In\u00edcio<\/a><\/div>\n\t\t\t\t\t\t<\/div>\n\t\t\t\t<\/div>\n\t\t\t\t\t<\/div>\n\t\t<\/div>\n\t\t\t\t\t<\/div>\n\t\t<\/section>\n\t\t\t\t<section class=\"elementor-section elementor-top-section elementor-element elementor-element-a266e3c elementor-section-boxed elementor-section-height-default elementor-section-height-default\" data-id=\"a266e3c\" data-element_type=\"section\" data-e-type=\"section\">\n\t\t\t\t\t\t<div class=\"elementor-container elementor-column-gap-default\">\n\t\t\t\t\t<div class=\"elementor-column elementor-col-100 elementor-top-column elementor-element elementor-element-2885fc6\" data-id=\"2885fc6\" data-element_type=\"column\" data-e-type=\"column\">\n\t\t\t<div class=\"elementor-widget-wrap elementor-element-populated\">\n\t\t\t\t\t\t<div class=\"elementor-element elementor-element-1bddd422 elementor-widget elementor-widget-image\" data-id=\"1bddd422\" data-element_type=\"widget\" data-e-type=\"widget\" data-widget_type=\"image.default\">\n\t\t\t\t<div class=\"elementor-widget-container\">\n\t\t\t\t\t\t\t\t\t\t\t\t\t\t\t<img decoding=\"async\" width=\"150\" height=\"150\" src=\"https:\/\/www.bibliotecadigital.unicamp.br\/bd\/wp-content\/uploads\/2019\/11\/Icone-fef.png\" class=\"attachment-thumbnail size-thumbnail wp-image-182\" alt=\"Faculdade de Educa\u00e7\u00e3o F\u00edsica \u2013 FEF\" \/>\t\t\t\t\t\t\t\t\t\t\t\t\t\t\t<\/div>\n\t\t\t\t<\/div>\n\t\t\t\t<div class=\"elementor-element elementor-element-87666d5 elementor-widget elementor-widget-text-editor\" data-id=\"87666d5\" data-element_type=\"widget\" data-e-type=\"widget\" data-widget_type=\"text-editor.default\">\n\t\t\t\t<div class=\"elementor-widget-container\">\n\t\t\t\t\t\t\t\t\t<h3>Faculdade de Educa\u00e7\u00e3o F\u00edsica &#8211; FEF<\/h3>\t\t\t\t\t\t\t\t<\/div>\n\t\t\t\t<\/div>\n\t\t\t\t<div class=\"elementor-element elementor-element-8d74b05 elementor-widget elementor-widget-shortcode\" data-id=\"8d74b05\" data-element_type=\"widget\" data-e-type=\"widget\" data-widget_type=\"shortcode.default\">\n\t\t\t\t<div class=\"elementor-widget-container\">\n\t\t\t\t\t\t\t<div class=\"elementor-shortcode\">\n<link rel='stylesheet' id='25237-css'  href='https:\/\/www.bibliotecadigital.unicamp.br\/bd\/wp-content\/uploads\/winp-css-js\/25237.css?ver=1775499317' type='text\/css' media='all' \/>\n\t\r\n<form  class=\"filter-bar\" action=\"\" method=\"GET\">\r\n\t\t\t\r\n\t<!-- Bolco com as op\u00e7\u00f5e de filtro-->\t\t\r\n\t\t \r\n<select name=\"info\" class=\"desktop\">\r\n\t\t\t<option selected=\"true\" value=\"#\">Todas as informa\u00e7\u00f5es<\/option>\t\t\r\n\t\t\t<option value=\"title\">T\u00edtulo<\/option>\t\t\r\n\t\t\t<option value=\"author\">Autor<\/option>\t\t\r\n\t\t\t<option value=\"keywords\">Palavras-chave<\/option>\t\r\n\t\t\t<option value=\"source\">Ano<\/option>\t\r\n<\/select>\t\t\t\r\n\t\t<select name=\"id\" class=\"desktop\">\r\n\t\t\t\t<option selected=\"true\" value=\"0\">Selecionar<\/option>\r\n\t\t\t\t<option  value=\"717\">Eventos<\/option>\r\n\t\t\t\t<option  value=\"706\">Livros Digitais<\/option>\r\n\t\t\t\t<option  value=\"718\">Materiais Pedag\u00f3gicos<\/option>\r\n\t\t\t\t<option  value=\"864\">Trabalhos Acad\u00eamicos Externos<\/option>\t\r\n\t\t<\/select>\r\n\t\t\t\r\n\t\t<input type=\"text\" name=\"nome\" value=\"\" placeholder=\"fa\u00e7a sua busca aqui\">\r\n\t\t<input type=\"hidden\" name=\"pagina\" value=\"1\">\t\r\n\t\t<input type=\"submit\" name=\"submit\" value=\"Pesquisar\">\t\r\n\t\t<input type=\"hidden\" id=\"op\" name=\"op\" value=\"0\">\t\t \r\n\t\r\n<\/form>\r\n<\/div>\n\t\t\t\t\t\t<\/div>\n\t\t\t\t<\/div>\n\t\t\t\t\t<\/div>\n\t\t<\/div>\n\t\t\t\t\t<\/div>\n\t\t<\/section>\n\t\t\t\t<section class=\"elementor-section elementor-top-section elementor-element elementor-element-9d98e59 elementor-section-boxed elementor-section-height-default elementor-section-height-default\" data-id=\"9d98e59\" data-element_type=\"section\" data-e-type=\"section\">\n\t\t\t\t\t\t<div class=\"elementor-container elementor-column-gap-default\">\n\t\t\t\t\t<div class=\"elementor-column elementor-col-100 elementor-top-column elementor-element elementor-element-612c910\" data-id=\"612c910\" data-element_type=\"column\" data-e-type=\"column\">\n\t\t\t<div class=\"elementor-widget-wrap elementor-element-populated\">\n\t\t\t\t\t\t<div class=\"elementor-element elementor-element-1f7c0fc elementor-widget elementor-widget-shortcode\" data-id=\"1f7c0fc\" data-element_type=\"widget\" data-e-type=\"widget\" data-widget_type=\"shortcode.default\">\n\t\t\t\t<div class=\"elementor-widget-container\">\n\t\t\t\t\t\t\t<div class=\"elementor-shortcode\">\n<link rel='stylesheet' id='2741-css'  href='https:\/\/www.bibliotecadigital.unicamp.br\/bd\/wp-content\/uploads\/winp-css-js\/2741.css?ver=1775566846' type='text\/css' media='all' \/>\n<\/div>\n\t\t\t\t\t\t<\/div>\n\t\t\t\t<\/div>\n\t\t\t\t<div class=\"elementor-element elementor-element-7311370 elementor-widget elementor-widget-shortcode\" data-id=\"7311370\" data-element_type=\"widget\" data-e-type=\"widget\" data-widget_type=\"shortcode.default\">\n\t\t\t\t<div class=\"elementor-widget-container\">\n\t\t\t\t\t\t\t<div class=\"elementor-shortcode\"><center><p>Por favor, selecione o tipo de material que deseja<\/p><\/center><\/div>\n\t\t\t\t\t\t<\/div>\n\t\t\t\t<\/div>\n\t\t\t\t\t<\/div>\n\t\t<\/div>\n\t\t\t\t\t<\/div>\n\t\t<\/section>\n\t\t\t\t<\/div>\n\t\t","protected":false},"excerpt":{"rendered":"<p>Faculdade de Educa\u00e7\u00e3o F\u00edsica &#8211; FEF<\/p>\n","protected":false},"author":2,"featured_media":0,"parent":0,"menu_order":0,"comment_status":"closed","ping_status":"closed","template":"","meta":{"inline_featured_image":false,"footnotes":""},"instituto":[42],"class_list":["post-1152","page","type-page","status-publish","hentry","instituto-fcm"],"_links":{"self":[{"href":"https:\/\/www.bibliotecadigital.unicamp.br\/bd\/index.php\/wp-json\/wp\/v2\/pages\/1152","targetHints":{"allow":["GET"]}}],"collection":[{"href":"https:\/\/www.bibliotecadigital.unicamp.br\/bd\/index.php\/wp-json\/wp\/v2\/pages"}],"about":[{"href":"https:\/\/www.bibliotecadigital.unicamp.br\/bd\/index.php\/wp-json\/wp\/v2\/types\/page"}],"author":[{"embeddable":true,"href":"https:\/\/www.bibliotecadigital.unicamp.br\/bd\/index.php\/wp-json\/wp\/v2\/users\/2"}],"replies":[{"embeddable":true,"href":"https:\/\/www.bibliotecadigital.unicamp.br\/bd\/index.php\/wp-json\/wp\/v2\/comments?post=1152"}],"version-history":[{"count":25,"href":"https:\/\/www.bibliotecadigital.unicamp.br\/bd\/index.php\/wp-json\/wp\/v2\/pages\/1152\/revisions"}],"predecessor-version":[{"id":12232,"href":"https:\/\/www.bibliotecadigital.unicamp.br\/bd\/index.php\/wp-json\/wp\/v2\/pages\/1152\/revisions\/12232"}],"wp:attachment":[{"href":"https:\/\/www.bibliotecadigital.unicamp.br\/bd\/index.php\/wp-json\/wp\/v2\/media?parent=1152"}],"wp:term":[{"taxonomy":"instituto","embeddable":true,"href":"https:\/\/www.bibliotecadigital.unicamp.br\/bd\/index.php\/wp-json\/wp\/v2\/instituto?post=1152"}],"curies":[{"name":"wp","href":"https:\/\/api.w.org\/{rel}","templated":true}]}}